{"id":1154,"date":"2019-09-13T21:15:12","date_gmt":"2019-09-13T19:15:12","guid":{"rendered":"http:\/\/beautystyle-cosmetics.com\/agb\/"},"modified":"2023-05-24T15:24:30","modified_gmt":"2023-05-24T13:24:30","slug":"agb","status":"publish","type":"page","link":"https:\/\/beautystyle-cosmetics.com\/?page_id=1154","title":{"rendered":"AGB"},"content":{"rendered":"<section  class='av_textblock_section av-li1praf2-eda17f0847aa66a8cbbaeea7fd6a2296 '   itemscope=\"itemscope\" itemtype=\"https:\/\/schema.org\/CreativeWork\" ><div class='avia_textblock'  itemprop=\"text\" ><p><a class=\"\" href=\"https:\/\/cinquesensi.ch\/index.php\/de\/agb\">\u00a0AGB<\/a><\/p>\n<p><strong class=\"\">Es ist unser Bestreben, alle unsere Kunden zu ihrer vollsten Zufriedenheit zu bedienen. Dazu geh\u00f6ren auch unsere fairen Gesch\u00e4ftsbedingungen. Sollte es Fragen zu unseren Gesch\u00e4ftsbedingungen geben, kann man sich an\u00a0<a class=\"\" href=\"mailto:sraviol@beautystyle-cosmetics.com\">sraviol@beautystyle-cosmetics.ch<\/a>\u00a0wenden.<\/strong><\/p>\n<p><strong class=\"\"><br \/>\nVertragspartner<\/strong><\/p>\n<p>Die allgemeinen Gesch\u00e4ftsbedingungen gelten f\u00fcr alle Gesch\u00e4ftsbeziehungen zwischen Beauty Style Kosmetik, im folgenden Verk\u00e4ufer genannt, und deren Kunden. Alle Lieferungen und Leistungen, die der Verk\u00e4ufer f\u00fcr Kunden erbringt, erfolgen ausschliesslich auf Grundlage der nachfolgenden allgemeinen Gesch\u00e4ftsbedingungen in ihrer zum Zeitpunkt der Bestellung g\u00fcltigen Fassung. S\u00e4mtliche Kommunikation im Rahmen der f\u00fcr den Vertrag relevanten Erkl\u00e4rungen findet in deutscher Sprache statt.<\/p>\n<p><strong class=\"\"><br \/>\nPreise<\/strong><\/p>\n<p>Alle Preisangaben verstehen sich in CHF (Schweizer Franken) inklusive der gesetzlichen Mehrwertsteuer ohne Versandkosten zum Zeitpunkt der Bestellung. Es gelten die zum Zeitpunkt der Bestellung angezeigten Preise. Alle vorherigen Preise verlieren ihre G\u00fcltigkeit. Preisirrtum bleibt vorbehalten.<\/p>\n<p><strong class=\"\"><br \/>\nProduktesicherheit &#038; Originalware<\/strong><\/p>\n<p>Der Verk\u00e4ufer bietet Ihnen nur Produkte an, die er als authorisierter Wiederverk\u00e4ufer (Deposit\u00e4r) direkt vom Hersteller oder dessen Niederlassung\/Vertretung in der Schweiz bezieht. <strong class=\"\">Somit haben Sie die Sicherheit und Garantie, dass es sich bei allen vom Verk\u00e4ufer angebotenen Produkten um Originalware handelt.<\/strong><\/p>\n<p><strong class=\"\">Bestellungen<\/strong><\/p>\n<p>Bestellungen k\u00f6nnen nur \u00fcber das automatische Online-Bestellsystem (Warenkorb) aufgegeben werden. Mit dem Abschicken der Bestellung gehen Sie einen Kaufvertrag mit der Firma Beauty Style Kosmetik (Verk\u00e4ufer) ein. Dieser ist nur im gegenseitigen Einverst\u00e4ndnis widerrufbar. Einen Mindestbestellwert gibt es nicht. Nach Abwicklung einer Bestellung erhalten Sie ein Best\u00e4tigungsmail.\u00a0Die Angebote des Verk\u00e4ufers auf seinen Internetseiten gelten nur f\u00fcr Kunden mit Wohnsitz und demzufolge Rechnungs- und Versandadresse in der Schweiz und im F\u00fcrstentum Liechtenstein. Sie stellen eine unverbindliche Aufforderung an den Kunden dar, beim Verk\u00e4ufer Waren zu bestellen.Mit dem Absenden der Bestellung an den Verk\u00e4ufer versichert der Kunde Vollj\u00e4hrig und unbeschr\u00e4nkt gesch\u00e4ftsf\u00e4hig zu sein. Der Verk\u00e4ufer ist nicht verpflichtet das Angebot des Kunden anzunehmen. Die Best\u00e4tigung des Eingangs der Bestellung des Kunden stellt noch keine Annahme des Angebotes des Kunden dar.<\/p>\n<p><strong class=\"\"><br \/>\nLieferfrist:<\/strong><\/p>\n<p>Bestellungen mit lagerhaltigen Artikeln werden innerhalb von 1-3 Tagen ausgeliefert. Die Lieferzeit bei allen anderen Bestellungen ergibt sich durch die Lieferzeiten der bestellten Artikel. Massgebend ist der Artikel mit der l\u00e4ngsten Lieferfrist.<\/p>\n<p><strong class=\"\"><br \/>\nLieferkosten<\/strong><\/p>\n<p>Alle Lieferungen bis CHF 99.95 sind portopflichtig. F\u00fcr Verpackung und Fracht werden f\u00fcr jede Bestellung\u00a0<strong class=\"\">pauschal CHF 10.00\u00a0<\/strong>verrechnet. Lieferungen\u00a0<strong class=\"\">ab CHF 100.00\u00a0<\/strong>sind\u00a0<strong class=\"\">portofrei<\/strong>. Bei Teillieferungen seitens des Verk\u00e4ufers wird kein zus\u00e4tzliches Porto verrechnet, ausser die Teillieferung wird vom Kunden in Auftrag gegeben. Der Kunde \u00fcbernimmt in diesem Falle die Mehrkosten von CHF 10.00<\/p>\n<p><strong class=\"\"><br \/>\nLieferbedingungen allgemein:\u00a0<\/strong><\/p>\n<p>Wir liefern ausschliesslich in die Schweiz und nach Liechtenstein. Lieferungen in andere L\u00e4nder sind nicht m\u00f6glich. Alle Angaben sind ohne Gew\u00e4hr. Die Nichteinhaltung der Lieferfristen durch den Verk\u00e4ufer berechtigt Sie weder zur Vertragsaufl\u00f6sung noch zu weiteren Forderungen. Es werden keine einschr\u00e4nkenden Terminbedingungen des Kunden akzeptiert. Das sp\u00e4tere Eintreffen der Ware berechtigt nicht zur Verweigerung der Annahme. Bei Paketverlust ist der Verk\u00e4ufer haftbar. Bei Fragen wende Sie sich bitte via E-Mail, oder Tel an uns.\u00a0Geschenk-Service und Service f\u00fcr Berufst\u00e4tige: Bestell- und Lieferadresse m\u00fcssen nicht gleich sein. Der Verk\u00e4ufer liefert an jede gew\u00fcnschte Adresse in der Schweiz (kann durch den Kunden w\u00e4hrend dem Bestellvorgang angepasst werden). So k\u00f6nnen Sie Ihre Kosmetikprodukte auch bequem ins B\u00fcro oder Ihren Arbeitsplatz senden lassen.<br \/>\n<strong class=\"\"><br \/>\nAnnahmeverweigerung<\/strong><\/p>\n<p>Bei unberechtigter Annahmeverweigerung der von uns gelieferten Ware, berechnen wir die uns entstandenen Kosten + CHF 40.00 Bei wiederholter Annahmeverweigerung wird die Kundennummer gesperrt.<\/p>\n<p><strong class=\"\"><br \/>\nZahlungsbedingungen<\/strong><\/p>\n<p>Die Zahlung erfolgt normalerweise per Rechnung die der Lieferung beigelegt ist. Bei gr\u00f6sseren Kaufbetr\u00e4gen oder Erstbestellern behalten wir uns vor, nur gegen eine Anzahlung oder Vorauszahlung des gesamten Bestellwertes zu liefern.Bei Zahlung per Rechnung ist der Rechnungsbetrag ohne jeden Abzug innerhalb von 10 Tagen nach Rechnungsdatum f\u00e4llig. Ab dem ersten Tag des Verzuges, wird normalerweise ein Verzugszins von 5{d614ef965cdd1631cdda199c9cf453539f61b8f47af0135d16c60f02b391bceb} erhoben. Der Verk\u00e4ufer beh\u00e4lt sich das Recht vor, Kunden mit schlechter Zahlungsmoral nicht mehr oder nur noch gegen Vorauszahlung zu beliefern.Bei Zahlungsverzug wird f\u00fcr jede Mahnung eine Geb\u00fchr von CHF 20.00 erhoben. Der offene Rechnungsbetrag (inkl. Mahngeb\u00fchren und Zinsen) kann zum Zwecke des Inkassos an Dritte abgegeben oder verkauft werden. Die Kosten f\u00fcr die Abtretung von CHF 60.&#8211; belasten wir dem Schuldner mit \u00dcbergabe der Forderung an das Inkassob\u00fcro.Der K\u00e4ufer kann per PayPal bezahlen. PayPal ist ein Online-Zahlungsservice, mit dem Sie Ihre Eink\u00e4ufe einfach und schnell bezahlen k\u00f6nnen. Voraussetzung ist die Er\u00f6ffnung eines PayPal-Kontos (unter\u00a0<a class=\"\" href=\"http:\/\/www.paypal.ch\/\">www.paypal.ch<\/a>) und dessen Verkn\u00fcpfung mit Ihrem Konto oder Ihrer Kreditkarte. Wenn Sie PayPal als Zahlungsmittel w\u00e4hlen, folgen Sie den Anweisungen im Web-Shop. Vor dem endg\u00fcltigen Abschluss Ihrer Bestellung im Online Shop werden Sie dann in einem separaten Fenster durch PayPal gebeten, die Zahlung zu veranlassen.<\/p>\n<p><strong class=\"\"><br \/>\nAbholung der Bestellung in<\/strong> Muttenz<\/p>\n<p>Der K\u00e4ufer kann seine Bestellung auch direkt am Gesch\u00e4ftssitz des Verk\u00e4ufers in Muttenz abholen und BAR bezahlen. An unserem Gesch\u00e4ftssitz akzeptieren wir Postcard, Maestro, Visa- &#038; Master-card.<\/p>\n<p><strong class=\"\"><br \/>\nEigentumsvorbehalt<br \/>\n<\/strong><\/p>\n<p>Die bestellte Ware bleibt bis zur vollst\u00e4ndigen Bezahlung Eigentum des Verk\u00e4ufers. Vor Eigentums\u00fcbertragung ist eine Weiterver\u00e4usserung, Vermietung, Verpf\u00e4ndung, Sicherungs\u00fcbereignung, Verarbeitung, sonstige Verf\u00fcgung oder Umgestaltung ohne ausdr\u00fcckliche Einwilligung durch den Verk\u00e4ufer nicht zul\u00e4ssig.<\/p>\n<p><strong class=\"\"><br \/>\nR\u00fcckgaberecht<\/strong><\/p>\n<p>Wurde die Ware beim Versand besch\u00e4digt, erh\u00e4lt der Kunde kostenlosen Ersatz. Der Kunde muss dies dem Verk\u00e4ufer innert 48 Stunden per E-Mail mitteilen. Der Kunde hat die besch\u00e4digte Ware zusammen mit der Best\u00e4tigung der Post an den Verk\u00e4ufer zu retournieren.Falsch gelieferte Ware sollte durch den Kunden, nach vorheriger R\u00fccksprache mit dem Verk\u00e4ufers, unverz\u00fcglich an den Verk\u00e4ufer zur\u00fcckgeschickt werden. Anfallende Portokosten gehen zu Lasten des Verk\u00e4ufers.Bei R\u00fccksendungen erh\u00e4lt der Kunde bei der Paketaufgabe von der Poststelle kostenlos einen Beleg. Dieser Beleg muss durch den Kunden aufbewahrt werden, denn im Falle eines Paketverlustes kann die R\u00fccksendung nur gegen Vorweisung dieses Beleges gutgeschrieben werden. Anfallende Portokosten werden von der Rechnung abgezogen. Diese werden jedoch nur zur\u00fcckerstattet oder gutgeschrieben, sofern die Ware von uns falsch geliefert oder defekt ist.<br \/>\n<strong class=\"\"><br \/>\nSchadenersatz<\/strong><\/p>\n<p>Schadenersatzforderungen wegen falschen Abbildungen, Texten und Preisen oder versp\u00e4teter Lieferung sind ausgeschlossen. Preis\u00e4nderungen bleiben vorbehalten.<br \/>\n<strong class=\"\"><br \/>\nDatenschutz<\/strong><\/p>\n<p>Alle pers\u00f6nlichen Daten werden vertraulich behandelt. Wir verpflichten uns Ihre pers\u00f6nlichen Daten nicht an Dritte weiter zu geben.<\/p>\n<p><strong class=\"\"><br \/>\nGerichtsstand<\/strong><\/p>\n<p>Gerichtsstand f\u00fcr alle Anspr\u00fcche im Zusammenhang mit der Vertragsbeziehung zwischen dem Kunden und dem Verk\u00e4ufer ist Muttenz also das Kantonsgericht des Kantons Baselland.<\/p>\n<p><strong class=\"\"><br \/>\nHaftungsausschluss f\u00fcr fremde Links<\/strong><\/p>\n<p>Wir verweisen auf unseren Seiten mit Links auf andere Seiten im Internet. F\u00fcr alle diese Links gilt:\u00a0Der Verk\u00e4ufer erkl\u00e4rt ausdr\u00fccklich, dass er keinerlei Einfluss auf die Gestaltung und die Inhalte der verlinkten Seiten hat. Deshalb distanziert er sich hiermit ausdr\u00fccklich von den Inhalten aller verlinkten Seiten Dritter auf www.beautystyle-cosmetics.com und macht sich diese Inhalte nicht zu eigen. Diese Erkl\u00e4rung gilt f\u00fcr alle angezeigten Links und f\u00fcr alle Inhalte der Seiten, zu denen diese Links f\u00fchren.<\/p>\n<p><strong class=\"\"><br \/>\nKontakt \u00a0 \u00a0 \u00a0 \u00a0 \u00a0 \u00a0 \u00a0 \u00a0 \u00a0 \u00a0 \u00a0 \u00a0 \u00a0 \u00a0 \u00a0 \u00a0 \u00a0Bankverbindungen \u00a0 \u00a0 \u00a0 \u00a0 \u00a0 \u00a0 \u00a0 \u00a0 \u00a0 \u00a0 \u00a0 \u00a0 \u00a0 \u00a0 \u00a0 \u00a0 <\/strong><\/p>\n<p>Beauty Style Kosmetik \u00a0 \u00a0 \u00a0 \u00a0 \u00a0 UBS Switzerland<\/p>\n<p>Simone Raviol \u00a0 \u00a0 \u00a0 \u00a0 \u00a0 \u00a0 \u00a0 \u00a0 \u00a0 \u00a0 \u00a0 \u00a0 Iban:CH900029229217017101M<\/p>\n<p>Postfinance<\/p>\n<p>Iban:CH3709000000605886603<\/p>\n<p>Email:<\/p>\n<p><a class=\"\" href=\"mailto:sraviol@beautystyle-cosmetics.com\">sraviol@beautystyle-cosmetics.ch<\/a><br \/>\nHR Kanton Baselland:\u00a0CH-280.1.021.968-3\/ MWST:CHE- 408.362.012<\/p>\n<\/div><\/section>\n","protected":false},"excerpt":{"rendered":"","protected":false},"author":6,"featured_media":0,"parent":0,"menu_order":0,"comment_status":"closed","ping_status":"closed","template":"","meta":{"footnotes":""},"_links":{"self":[{"href":"https:\/\/beautystyle-cosmetics.com\/index.php?rest_route=\/wp\/v2\/pages\/1154"}],"collection":[{"href":"https:\/\/beautystyle-cosmetics.com\/index.php?rest_route=\/wp\/v2\/pages"}],"about":[{"href":"https:\/\/beautystyle-cosmetics.com\/index.php?rest_route=\/wp\/v2\/types\/page"}],"author":[{"embeddable":true,"href":"https:\/\/beautystyle-cosmetics.com\/index.php?rest_route=\/wp\/v2\/users\/6"}],"replies":[{"embeddable":true,"href":"https:\/\/beautystyle-cosmetics.com\/index.php?rest_route=%2Fwp%2Fv2%2Fcomments&post=1154"}],"version-history":[{"count":7,"href":"https:\/\/beautystyle-cosmetics.com\/index.php?rest_route=\/wp\/v2\/pages\/1154\/revisions"}],"predecessor-version":[{"id":2916,"href":"https:\/\/beautystyle-cosmetics.com\/index.php?rest_route=\/wp\/v2\/pages\/1154\/revisions\/2916"}],"wp:attachment":[{"href":"https:\/\/beautystyle-cosmetics.com\/index.php?rest_route=%2Fwp%2Fv2%2Fmedia&parent=1154"}],"curies":[{"name":"wp","href":"https:\/\/api.w.org\/{rel}","templated":true}]}}