{"id":3399,"date":"2025-10-16T14:10:35","date_gmt":"2025-10-16T12:10:35","guid":{"rendered":"https:\/\/beautystyle-cosmetics.com\/?page_id=3399"},"modified":"2025-10-17T07:55:44","modified_gmt":"2025-10-17T05:55:44","slug":"skin-pen","status":"publish","type":"page","link":"https:\/\/beautystyle-cosmetics.com\/?page_id=3399","title":{"rendered":"SKIN PEN\u00ae"},"content":{"rendered":"<section  class='av_textblock_section av-mgtefmes-f00636c03117ce73d00179e2c45aa847 '   itemscope=\"itemscope\" itemtype=\"https:\/\/schema.org\/CreativeWork\" ><div class='avia_textblock'  itemprop=\"text\" ><p><img loading=\"lazy\" decoding=\"async\" class=\"size-medium wp-image-3420 aligncenter\" src=\"https:\/\/beautystyle-cosmetics.com\/wp-content\/uploads\/2025\/10\/image0-11-300x249.jpeg\" alt=\"\" width=\"300\" height=\"249\" srcset=\"https:\/\/beautystyle-cosmetics.com\/wp-content\/uploads\/2025\/10\/image0-11-300x249.jpeg 300w, https:\/\/beautystyle-cosmetics.com\/wp-content\/uploads\/2025\/10\/image0-11-768x637.jpeg 768w, https:\/\/beautystyle-cosmetics.com\/wp-content\/uploads\/2025\/10\/image0-11-705x585.jpeg 705w, https:\/\/beautystyle-cosmetics.com\/wp-content\/uploads\/2025\/10\/image0-11-450x374.jpeg 450w, https:\/\/beautystyle-cosmetics.com\/wp-content\/uploads\/2025\/10\/image0-11.jpeg 1000w\" sizes=\"(max-width: 300px) 100vw, 300px\" \/><\/p>\n<p>Die un\u00fcbertroffene Technologie, der Health Care Professionals und Patienten vertrauen k\u00f6nnen<br \/>\n<strong>SkinPen\u00ae Precision ist das weltweit f\u00fchrende Medizinprodukt f\u00fcr Hautremodellierung (Microneedling-Behandlung), das tempor\u00e4re kleine mikroskopische Kan\u00e4le in Ihrer Haut erzeugt.<\/strong> Microneedling aktiviert die nat\u00fcrliche Heilkraft Ihres K\u00f6rpers f\u00fcr die Haut, um den Kollagen- und Elastingehalt zu erh\u00f6hen, damit Ihre Haut wieder ges\u00fcnder und j\u00fcnger aussieht. Beobachten Sie, wie Ihre Haut mit SkinPen\u00ae Precision j\u00fcnger und regeneriert aussieht.<\/p>\n<p><strong>Geeignet f\u00fcr alle Hauttypen (Fitzpatrick I-VI), das ganze Jahr \u00fcber.<\/strong><\/p>\n<p><strong>M\u00f6chten Sie noch heute etwas f\u00fcr besser aussehende Haut tun?<\/strong><\/p>\n<p><strong>Feine Linien &amp; Falten<\/strong><br \/>\nM\u00f6chten Sie das Erscheinungsbild Ihrer feinen Linien &amp; Falten verbessern?<\/p>\n<p><strong>Aknenarben &amp; Operationsnarben<\/strong><br \/>\nM\u00f6chten Sie Ihr Selbstvertrauen wiedererlangen, indem Sie das Erscheinungsbild unansehnlicher Akne- oder Operationsnarben verbessern?<\/p>\n<p><strong>Dyschromie:<\/strong> Melasma, Vitiligo &amp; Sonnen- oder Altersflecken<br \/>\nPigmentationsst\u00f6rungen k\u00f6nnen f\u00fcr viele Betroffene emotional niederschmetternd sein. SkinPen\u00ae Precision ist m\u00f6glicherweise die ideale Behandlung, um das Erscheinungsbild Ihrer Haut zu verbessern.<\/p>\n<p><strong>Dehnungsstreifen<\/strong><br \/>\nZeigen Sie sich in ihrer besten Haut. SkinPen\u00ae Precision hilft Ihnen bei Dehnungsstreifen.<\/p>\n<p><strong>Vergr\u00f6\u00dferte Poren<\/strong><br \/>\nFinden Sie mit SkinPen\u00ae Precision zu ihrer inneren Sch\u00f6nheit, Ihre Unterst\u00fctzung bei vergr\u00f6\u00dferten Poren.<\/p>\n<p><strong>Indikationen:<\/strong><\/p>\n<ul>\n<li>Aknenarben<\/li>\n<li>Vergr\u00f6\u00dferte Poren<\/li>\n<li>Feine Linien &amp; Falten<\/li>\n<li>Dehnungsstreifen (Striae)<\/li>\n<li>Hyperpigmentierte L\u00e4sionen\/Flecken<\/li>\n<li>Pigmentierungsst\u00f6rungen<\/li>\n<li>Kollagen&amp; Elastin Stimulierung<\/li>\n<\/ul>\n<p style=\"text-align: center;\"><strong>Preise:<\/strong><\/p>\n<p style=\"text-align: center;\"><strong>Skin Pen 280,-<\/strong><\/p>\n<p style=\"text-align: center;\"><strong>Inkl Jet Peel 350,-<\/strong><\/p>\n<p style=\"text-align: center;\"><strong>Inkl Jet Peel&amp; Exosomen\u00a0<\/strong><strong>380,-<\/strong><\/p>\n<\/div><\/section>\n","protected":false},"excerpt":{"rendered":"","protected":false},"author":6,"featured_media":0,"parent":0,"menu_order":0,"comment_status":"closed","ping_status":"closed","template":"","meta":{"footnotes":""},"_links":{"self":[{"href":"https:\/\/beautystyle-cosmetics.com\/index.php?rest_route=\/wp\/v2\/pages\/3399"}],"collection":[{"href":"https:\/\/beautystyle-cosmetics.com\/index.php?rest_route=\/wp\/v2\/pages"}],"about":[{"href":"https:\/\/beautystyle-cosmetics.com\/index.php?rest_route=\/wp\/v2\/types\/page"}],"author":[{"embeddable":true,"href":"https:\/\/beautystyle-cosmetics.com\/index.php?rest_route=\/wp\/v2\/users\/6"}],"replies":[{"embeddable":true,"href":"https:\/\/beautystyle-cosmetics.com\/index.php?rest_route=%2Fwp%2Fv2%2Fcomments&post=3399"}],"version-history":[{"count":6,"href":"https:\/\/beautystyle-cosmetics.com\/index.php?rest_route=\/wp\/v2\/pages\/3399\/revisions"}],"predecessor-version":[{"id":3455,"href":"https:\/\/beautystyle-cosmetics.com\/index.php?rest_route=\/wp\/v2\/pages\/3399\/revisions\/3455"}],"wp:attachment":[{"href":"https:\/\/beautystyle-cosmetics.com\/index.php?rest_route=%2Fwp%2Fv2%2Fmedia&parent=3399"}],"curies":[{"name":"wp","href":"https:\/\/api.w.org\/{rel}","templated":true}]}}