{"id":437,"date":"2016-05-09T14:10:27","date_gmt":"2016-05-09T12:10:27","guid":{"rendered":"http:\/\/beautystyle-cosmetics.com.w0148cd9.kasserver.com\/?page_id=437"},"modified":"2025-10-08T07:51:08","modified_gmt":"2025-10-08T05:51:08","slug":"kosmetik-fuer-sie","status":"publish","type":"page","link":"https:\/\/beautystyle-cosmetics.com\/?page_id=437","title":{"rendered":"Gesichtsbehandlungen"},"content":{"rendered":"<div id='full_slider_1'  class='avia-fullwidth-slider main_color avia-shadow   avia-builder-el-0  el_before_av_layout_row  avia-builder-el-first   container_wrap sidebar_right'  >\n<style type=\"text\/css\" data-created_by=\"avia_inline_auto\" id=\"style-css-av-4vd031-d86c3bff040967053b998f1867def080\">\n#top #wrap_all .avia-slideshow .av-slideshow-caption.av-4vd031-d86c3bff040967053b998f1867def080__0 .avia-caption-title{\nfont-size:30px;\n}\n<\/style>\n<div  class='avia-slideshow av-4vd031-d86c3bff040967053b998f1867def080 avia-slideshow-featured_large av_slideshow_full avia-slide-slider av-slideshow-ui av-control-default av-slideshow-manual av-loop-once av-loop-manual-endless av-default-height-applied   avia-slideshow-1' data-slideshow-options=\"{&quot;animation&quot;:&quot;slide&quot;,&quot;autoplay&quot;:false,&quot;loop_autoplay&quot;:&quot;once&quot;,&quot;interval&quot;:5,&quot;loop_manual&quot;:&quot;manual-endless&quot;,&quot;autoplay_stopper&quot;:false,&quot;noNavigation&quot;:false,&quot;bg_slider&quot;:false,&quot;keep_padding&quot;:false,&quot;hoverpause&quot;:false,&quot;show_slide_delay&quot;:0}\"  itemprop=\"image\" itemscope=\"itemscope\" itemtype=\"https:\/\/schema.org\/ImageObject\" ><ul class='avia-slideshow-inner ' style='padding-bottom: 42%;'><li  class='avia-slideshow-slide av-4vd031-d86c3bff040967053b998f1867def080__0  av-single-slide slide-1 slide-odd'><div data-rel='slideshow-1' class='avia-slide-wrap '   ><div class='av-slideshow-caption av-4vd031-d86c3bff040967053b998f1867def080__0 caption_fullwidth caption_center'><div class=\"container caption_container\"><div class=\"slideshow_caption\"><div class=\"slideshow_inner_caption\"><div class=\"slideshow_align_caption\"><div class='avia-caption-content '  itemprop=\"description\" ><div  class='avia-button-wrap av-4k6b65-1a0f5f04dbb0a67bd0d2e09ec0dbbde4-wrap avia-button-center  avia-builder-el-1  avia-builder-el-no-sibling '>\n<style type=\"text\/css\" data-created_by=\"avia_inline_auto\" id=\"style-css-av-4k6b65-1a0f5f04dbb0a67bd0d2e09ec0dbbde4\">\n#top #wrap_all .avia-button.av-4k6b65-1a0f5f04dbb0a67bd0d2e09ec0dbbde4{\nbackground-color:#ffffff;\nborder-color:#ffffff;\ncolor:#000000;\ntransition:all 0.4s ease-in-out;\n}\n<\/style>\n<a href='https:\/\/connect.shore.com\/widget\/beauty-style-kosmetik?locale=de-CH'  class='avia-button av-4k6b65-1a0f5f04dbb0a67bd0d2e09ec0dbbde4 avia-icon_select-yes-left-icon avia-size-large avia-position-center av-icon-on-hover'  ><span class='avia_button_icon avia_button_icon_left' aria-hidden='true' data-av_icon='\ue85b' data-av_iconfont='entypo-fontello'><\/span><span class='avia_iconbox_title' >Termin buchen<\/span><\/a><\/div>\n<\/div><\/div><\/div><\/div><\/div><\/div><img decoding=\"async\" fetchpriority=\"high\" class=\"wp-image-604 avia-img-lazy-loading-not-604\"  src=\"https:\/\/beautystyle-cosmetics.com\/wp-content\/uploads\/2016\/05\/Kosmetik-fuer-Sie-Slider-1500x630.png\" width=\"1500\" height=\"630\" title='Kosmetik-fuer-Sie-Slider' alt=''  itemprop=\"thumbnailUrl\"   \/><div class='av-section-color-overlay' style='opacity: 0.5; background-color: #000000; '><\/div><\/div><\/li><\/ul><\/div><\/div>\n<div id='av-layout-grid-1'  class='av-layout-grid-container av-4g70zp-b770ca505c68ae184cd25f1163c33f99 entry-content-wrapper main_color av-flex-cells  avia-builder-el-2  el_after_av_slideshow_full  el_before_av_section  grid-row-not-first  container_wrap sidebar_right'  >\n\n<style type=\"text\/css\" data-created_by=\"avia_inline_auto\" id=\"style-css-av-49zdal-6c130d84364401c3e9588d0d67cb474d\">\n.flex_cell.av-49zdal-6c130d84364401c3e9588d0d67cb474d{\nvertical-align:top;\n}\n.responsive #top #wrap_all .flex_cell.av-49zdal-6c130d84364401c3e9588d0d67cb474d{\npadding:30px 30px 30px 30px !important;\n}\n<\/style>\n<div class='flex_cell av-49zdal-6c130d84364401c3e9588d0d67cb474d av-gridrow-cell av_one_half no_margin  avia-builder-el-3  el_before_av_cell_one_half  avia-builder-el-first '  ><div class='flex_cell_inner'><p>\n<style type=\"text\/css\" data-created_by=\"avia_inline_auto\" id=\"style-css-av-1aharh-89ff472097567a26e5fb98bf2eab8529\">\n#top .av-special-heading.av-1aharh-89ff472097567a26e5fb98bf2eab8529{\npadding-bottom:10px;\n}\nbody .av-special-heading.av-1aharh-89ff472097567a26e5fb98bf2eab8529 .av-special-heading-tag .heading-char{\nfont-size:25px;\n}\n.av-special-heading.av-1aharh-89ff472097567a26e5fb98bf2eab8529 .av-subheading{\nfont-size:15px;\n}\n<\/style>\n<div  class='av-special-heading av-1aharh-89ff472097567a26e5fb98bf2eab8529 av-special-heading-h1 blockquote modern-quote  avia-builder-el-4  el_before_av_catalogue  avia-builder-el-first '><h1 class='av-special-heading-tag'  itemprop=\"headline\"  >Gesichtsbehandlungen<\/h1><div class=\"special-heading-border\"><div class=\"special-heading-inner-border\"><\/div><\/div><\/div><br \/>\n<div  class='av-catalogue-container av-3ute79-b74ff553dba7a12d942be6df840d5a90  avia-builder-el-5  el_after_av_heading  el_before_av_button '><ul class='av-catalogue-list'>\n<li><div class='av-catalogue-item av-10fmp9-318faad2c7d2b536f982914993109f8b' ><div class=\"av-catalogue-item-inner\"><div class=\"av-catalogue-title-container\"><div class='av-catalogue-title'>Gesichtsbehandlung \u201eIntensive\u201c<\/div><div class='av-catalogue-price'> 190.-<\/div><\/div><div class=\"av-catalogue-content\">\nReinigung\/Aquaderma\/Peeling\/Tiefenreinigung\/Brauenkorrektur\/Wirkstoffkonzentrat\/Massage\/SpezialMaske\/ Abschlusspflege<\/p>\n<p><strong>120 min<\/strong><br \/>\n<\/div><\/div><\/div><\/li>\n<li><div class='av-catalogue-item av-sk45-82702ac0043cd883ced9d58b924cd4fb' ><div class=\"av-catalogue-item-inner\"><div class=\"av-catalogue-title-container\"><div class='av-catalogue-title'>Gesichtsbehandlung \"Relax\" <\/div><div class='av-catalogue-price'>159,-<\/div><\/div><div class=\"av-catalogue-content\">\nNur f\u00fcr bestehende Kundschaft<\/p>\n<p>Hautanalyse\/Vapozon\/Ausreinigung\/ Augenbrauenkorrektur\/Massage\/Maske\/ Augen+ Lippenpflege\/Tagespflege\/Tages Make-up\/Tipps f\u00fcr die Pflege zuhause<\/p>\n<p><strong>100. min<\/strong><br \/>\n<\/div><\/div><\/div><\/li>\n<li><div class='av-catalogue-item av-x9eth-e0ab3582749c866b17281f862c8f1e3a' ><div class=\"av-catalogue-item-inner\"><div class=\"av-catalogue-title-container\"><div class='av-catalogue-title'>Gesichtsbehandlung \"Exclusive\"<\/div><div class='av-catalogue-price'>255,-<\/div><\/div><div class=\"av-catalogue-content\">\n(siehe Relax) Kopfmassage\/Feather Touch\/Spezialmaske\/<\/p>\n<p><strong>120 min.<\/strong><br \/>\n<\/div><\/div><\/div><\/li>\n<li><div class='av-catalogue-item av-tey91-bf269b61c20a2cc2c912166dc4eb444e' ><div class=\"av-catalogue-item-inner\"><div class=\"av-catalogue-title-container\"><div class='av-catalogue-title'>Gesichtsbehandlung \"Quick\"<\/div><div class='av-catalogue-price'>125,-<\/div><\/div><div class=\"av-catalogue-content\">\nVapozon\/Ausreinigung\/Maske\/Augen+ Lippenpflege\/Tagespflege\/Tipps f\u00fcr die Pflege zuhause<\/p>\n<p><strong>60min.<\/strong><br \/>\n<\/div><\/div><\/div><\/li>\n<li><div class='av-catalogue-item av-lg3v1-8060264586866a01bd288eadf229c408' ><div class=\"av-catalogue-item-inner\"><div class=\"av-catalogue-title-container\"><div class='av-catalogue-title'>Diamant Mikrodermabrasion<\/div><div class='av-catalogue-price'> 149,-<\/div><\/div><div class=\"av-catalogue-content\">\nBei der CNC \u00a0Mikrodermabrasion erfolgt eine Abtragung der oberen Hornschicht mittels Verwendung von Aufs\u00e4tzen mit Diamanten. Durch ein Vakuum werden diese abgetragenen Hautpartikel sofort wieder abgesaugt. Anders bei der herk\u00f6mmlichen Mikrodermabrsaion werden hier keine losen Kristalle oder andere Schleifmittel benutzt. Stattdessen bietet dieses System eine hypoallergene Behandlung mit Diamanten, um Entz\u00fcndungen und Hautreaktionen zu vermeiden und eine kundenspezifische Abtragung f\u00fcr jeden Bereich der Haut durchf\u00fchren zu k\u00f6nnen. Ein weiterer Vorteil gegen\u00fcber der Mikrodermabrasion mit Kristallen oder Wasserdruck ist, dass mit der Diamant Mikrodermabrasion ohne Risiko nah am Auge gearbeitet werden kann. Die Haut ist bereits nach der Behandlung deutlich weicher und glatter. Dieses System kann bei allen Hauttypen im Gesicht, Kinn, Hals, Dekollete oder dem gesamten K\u00f6rper angewendet werden und so zur Zellerneuerung beitragen. Die Haut ist jetzt auch besonders aufnahmebereit f\u00fcr entsprechende Wirkstoffkosmetik.<\/p>\n<p><strong>Kontraindikationen:<\/strong><\/p>\n<ul>\n<li><strong>aktive Akne<\/strong><\/li>\n<li><strong>frische Wunden<\/strong><\/li>\n<li><strong>Hautkrankheiten ( wie Rosazea, Neurodermitits,Psoriasis)<\/strong><\/li>\n<li><strong>aktiver Herpes<\/strong><\/li>\n<li><strong>Krebserkrankung\u00a0<\/strong><\/li>\n<li><strong>Warzen<\/strong><\/li>\n<li><strong>Medikamenteneinnahme ( Kortison,Rentinoiden,Blutverd\u00fcnner,Antiobiotika)<\/strong><\/li>\n<li><strong>Keloide<\/strong><\/li>\n<\/ul>\n<p><strong>Verhalten nach der Behandlung:<\/strong><\/p>\n<p>Trotz der geringen Downtime nach der Behandlung, ben\u00f6tigt die Haut bis zu <strong>3Tage,\u00a0<\/strong>um Ihre eigene Schutzfunktion wieder voll umf\u00e4nglich aufzubauen.Dieser Aufbau des sogenannten Lipidschutzmantels kann optimiert werden, indem st\u00f6rende Einfl\u00fcsse und Reize minimiert werden.<\/p>\n<p><strong>Unbedingt 365 Tage im Jahr Sonnenschutz auftragen!<\/strong><\/p>\n<p>Zu vermeiden sind:<\/p>\n<ul>\n<li>Sonne und Solarium<\/li>\n<li>Selbstbr\u00e4uner<\/li>\n<li>Sauna- oder Dampfbadbesuche<\/li>\n<li>starkes Schwitzen<\/li>\n<li>andere Peelings (AHA- S\u00e4ure)<\/li>\n<li>Meerwasser\/ Chlorwasser<\/li>\n<li>Haarentfernung inkl Dermaplaning<\/li>\n<li>Arbeiten in verschmutzen Umfeld<\/li>\n<\/ul>\n<p><strong>60min<\/strong><\/p>\n<p>Als Kur im 3er Abo \u00a0( 1mal in der Woche) \u00a0 \u00a0 \u00a0 \u00a0 \u00a0 \u00a0 \u00a0 \u00a0 \u00a0 \u00a0 \u00a0 \u00a0 \u00a0 \u00a0 \u00a0 \u00a0 \u00a0 \u00a0 \u00a0 \u00a0 \u00a0 \u00a0 \u00a0 \u00a0 \u00a0 450,-<\/p>\n<p>Integriert in jede andere Gesichtsbehandlung \u00a0 \u00a0 \u00a0 \u00a0 \u00a0 \u00a0 \u00a0 \u00a0 \u00a0 \u00a0 \u00a0 \u00a0 \u00a0 \u00a0 \u00a0 \u00a0 \u00a0 \u00a0 \u00a0 \u00a0 \u00a0 \u00a0 35,-<br \/>\n<\/div><\/div><\/div><\/li>\n<li><div class='av-catalogue-item av-d2dz9-ee9eef79a052f90f383285a195dd7a51' ><div class=\"av-catalogue-item-inner\"><div class=\"av-catalogue-title-container\"><div class='av-catalogue-title'>Aknebehandlung<\/div><div class='av-catalogue-price'>130,-<\/div><\/div><div class=\"av-catalogue-content\">\nIntensive Ausreinigung\/Maske\/Abschlusspflege<\/p>\n<p>75 min.<br \/>\n<\/div><\/div><\/div><\/li>\n<\/ul><\/div><br \/>\n<div  class='avia-button-wrap av-2h7fg5-28ef36d0e823baa7d66af64904ccc240-wrap avia-button-left  avia-builder-el-6  el_after_av_catalogue  avia-builder-el-last '>\n<style type=\"text\/css\" data-created_by=\"avia_inline_auto\" id=\"style-css-av-2h7fg5-28ef36d0e823baa7d66af64904ccc240\">\n#top #wrap_all .avia-button.av-2h7fg5-28ef36d0e823baa7d66af64904ccc240{\nbackground-color:#000000;\nborder-color:#000000;\ncolor:#ffffff;\ntransition:all 0.4s ease-in-out;\n}\n<\/style>\n<a href='https:\/\/booking.localsearch.ch\/bookings\/beauty-style-cosmetics\/services?locale=de-CH&origin=standalone' class='avia-button av-2h7fg5-28ef36d0e823baa7d66af64904ccc240 avia-icon_select-yes-right-icon avia-size-large avia-position-left av-icon-on-hover' target=\"_blank\" rel=\"noopener noreferrer\"><span class='avia_iconbox_title' >Termin buchen<\/span><span class='avia_button_icon avia_button_icon_right' aria-hidden='true' data-av_icon='\ue875' data-av_iconfont='entypo-fontello'><\/span><\/a><\/div><\/p>\n<\/div><\/div>\n<style type=\"text\/css\" data-created_by=\"avia_inline_auto\" id=\"style-css-av-27od51-ec5d1623a74beee33225917ee69b98df\">\n.flex_cell.av-27od51-ec5d1623a74beee33225917ee69b98df{\nvertical-align:top;\n}\n.responsive #top #wrap_all .flex_cell.av-27od51-ec5d1623a74beee33225917ee69b98df{\npadding:30px 30px 30px 30px !important;\n}\n<\/style>\n<div class='flex_cell av-27od51-ec5d1623a74beee33225917ee69b98df av-gridrow-cell av_one_half no_margin  avia-builder-el-7  el_after_av_cell_one_half  avia-builder-el-last '  ><div class='flex_cell_inner'>\n<style type=\"text\/css\" data-created_by=\"avia_inline_auto\" id=\"style-css-sub-av-21qo8l-847aac42a4263777a10a108e09e790db\">\n.av-hotspot-image-container .av-image-hotspot.av-1z0fz1-f606a73b6956d920686bf9641bbf0d41{\ntop:17.5%;\nleft:64.2%;\n}\n.av-hotspot-image-container .av-image-hotspot.av-1phdnx-41bcae07ddb309a71f8e7f1ceb613153{\ntop:8.7%;\nleft:37.1%;\n}\n.av-hotspot-image-container .av-image-hotspot.av-1lzexx-23c1a7f94c53efa21717259851c74c2c{\ntop:25.6%;\nleft:36.8%;\n}\n.av-hotspot-image-container .av-image-hotspot.av-1g57t9-14b5596626b5e324094299ca2343e93b{\ntop:26.2%;\nleft:52.7%;\n}\n.av-hotspot-image-container .av-image-hotspot.av-19abp1-f4bf52038be3afeb46b6ff3ce13edf67{\ntop:36.9%;\nleft:32.9%;\n}\n<\/style>\n<div  class='av-hotspot-image-container av-21qo8l-847aac42a4263777a10a108e09e790db  avia-builder-el-8  avia-builder-el-no-sibling  av-hotspot-numbered avia_animated_image avia_animate_when_almost_visible bottom-to-top av-mobile-fallback-active  av-non-fullwidth-hotspot-image'  itemprop=\"image\" itemscope=\"itemscope\" itemtype=\"https:\/\/schema.org\/ImageObject\" ><div class='av-hotspot-container'><div class='av-hotspot-container-inner-cell'><div class='av-hotspot-container-inner-wrap'><div class='av-image-hotspot av-1z0fz1-f606a73b6956d920686bf9641bbf0d41 av-image-hotspot-1 ' data-avia-tooltip-position='top' data-avia-tooltip-alignment='left' data-avia-tooltip-class='av-tt-large-width av-tt-pos-above av-tt-align-left  av-mobile-fallback-active  main_color av-tt-hotspot' data-avia-tooltip='&lt;p&gt;&lt;strong&gt;Gesichtsbehandlung &#8222;Relax&#8220;&lt;br \/&gt;\n&lt;\/strong&gt;&lt;\/p&gt;\n'><div class='av-image-hotspot_inner'>1<\/div><div class='av-image-hotspot-pulse'><\/div><\/div><div class='av-image-hotspot av-1phdnx-41bcae07ddb309a71f8e7f1ceb613153 av-image-hotspot-2 ' data-avia-tooltip-position='top' data-avia-tooltip-alignment='left' data-avia-tooltip-class='av-tt-large-width av-tt-pos-above av-tt-align-left  av-mobile-fallback-active  main_color av-tt-hotspot' data-avia-tooltip='&lt;p&gt;&lt;strong&gt;Gesichtsbehandlung &#8222;Exclusive&#8220;&lt;\/strong&gt;&lt;\/p&gt;\n'><div class='av-image-hotspot_inner'>2<\/div><div class='av-image-hotspot-pulse'><\/div><\/div><div class='av-image-hotspot av-1lzexx-23c1a7f94c53efa21717259851c74c2c av-image-hotspot-3 ' data-avia-tooltip-position='top' data-avia-tooltip-alignment='left' data-avia-tooltip-class='av-tt-large-width av-tt-pos-above av-tt-align-left  av-mobile-fallback-active  main_color av-tt-hotspot' data-avia-tooltip='&lt;p&gt;&lt;strong&gt;Gesichtsbehandlung &#8222;Quick&#8220;&lt;\/strong&gt;&lt;\/p&gt;\n'><div class='av-image-hotspot_inner'>3<\/div><div class='av-image-hotspot-pulse'><\/div><\/div><div class='av-image-hotspot av-1g57t9-14b5596626b5e324094299ca2343e93b av-image-hotspot-4 ' data-avia-tooltip-position='top' data-avia-tooltip-alignment='left' data-avia-tooltip-class='av-tt-default-width av-tt-pos-above av-tt-align-left  av-mobile-fallback-active  main_color av-tt-hotspot' data-avia-tooltip='&lt;p&gt;&lt;strong&gt;Hochzeits &#8211; Combi &#8211; Pack&lt;br \/&gt;\n&lt;\/strong&gt;&lt;\/p&gt;\n'><div class='av-image-hotspot_inner'>4<\/div><div class='av-image-hotspot-pulse'><\/div><\/div><div class='av-image-hotspot av-19abp1-f4bf52038be3afeb46b6ff3ce13edf67 av-image-hotspot-5 ' data-avia-tooltip-position='top' data-avia-tooltip-alignment='left' data-avia-tooltip-class='av-tt-default-width av-tt-pos-above av-tt-align-left  av-mobile-fallback-active  main_color av-tt-hotspot' data-avia-tooltip='&lt;p&gt;&lt;strong&gt;Aknebehandlung&lt;\/strong&gt;&lt;\/p&gt;\n'><div class='av-image-hotspot_inner'>5<\/div><div class='av-image-hotspot-pulse'><\/div><\/div><img decoding=\"async\" fetchpriority=\"high\" class='wp-image-439 avia-img-lazy-loading-not-439 avia_image' src=\"https:\/\/beautystyle-cosmetics.com\/wp-content\/uploads\/2016\/05\/Kosmetik-fuer-Sie.png\" alt='' title='Kosmetik-fuer-Sie'  height=\"1000\" width=\"1500\"  itemprop=\"thumbnailUrl\" srcset=\"https:\/\/beautystyle-cosmetics.com\/wp-content\/uploads\/2016\/05\/Kosmetik-fuer-Sie.png 1500w, https:\/\/beautystyle-cosmetics.com\/wp-content\/uploads\/2016\/05\/Kosmetik-fuer-Sie-450x300.png 450w, https:\/\/beautystyle-cosmetics.com\/wp-content\/uploads\/2016\/05\/Kosmetik-fuer-Sie-300x200.png 300w, https:\/\/beautystyle-cosmetics.com\/wp-content\/uploads\/2016\/05\/Kosmetik-fuer-Sie-768x512.png 768w, https:\/\/beautystyle-cosmetics.com\/wp-content\/uploads\/2016\/05\/Kosmetik-fuer-Sie-1030x687.png 1030w, https:\/\/beautystyle-cosmetics.com\/wp-content\/uploads\/2016\/05\/Kosmetik-fuer-Sie-705x470.png 705w\" sizes=\"(max-width: 1500px) 100vw, 1500px\" \/><\/div><\/div><\/div><div class='av-hotspot-fallback-tooltip av-image-hotspot-1 '><div class=\"av-hotspot-fallback-tooltip-count\">1<div class=\"avia-arrow\"><\/div><\/div><div class=\"av-hotspot-fallback-tooltip-inner clearfix\"><p>\n<strong>Gesichtsbehandlung &#8222;Relax&#8220;<br \/>\n<\/strong><\/p>\n<\/div><\/div><div class='av-hotspot-fallback-tooltip av-image-hotspot-2 '><div class=\"av-hotspot-fallback-tooltip-count\">2<div class=\"avia-arrow\"><\/div><\/div><div class=\"av-hotspot-fallback-tooltip-inner clearfix\"><p>\n<strong>Gesichtsbehandlung &#8222;Exclusive&#8220;<\/strong><\/p>\n<\/div><\/div><div class='av-hotspot-fallback-tooltip av-image-hotspot-3 '><div class=\"av-hotspot-fallback-tooltip-count\">3<div class=\"avia-arrow\"><\/div><\/div><div class=\"av-hotspot-fallback-tooltip-inner clearfix\"><p>\n<strong>Gesichtsbehandlung &#8222;Quick&#8220;<\/strong><\/p>\n<\/div><\/div><div class='av-hotspot-fallback-tooltip av-image-hotspot-4 '><div class=\"av-hotspot-fallback-tooltip-count\">4<div class=\"avia-arrow\"><\/div><\/div><div class=\"av-hotspot-fallback-tooltip-inner clearfix\"><p>\n<strong>Hochzeits &#8211; Combi &#8211; Pack<br \/>\n<\/strong><\/p>\n<\/div><\/div><div class='av-hotspot-fallback-tooltip av-image-hotspot-5 '><div class=\"av-hotspot-fallback-tooltip-count\">5<div class=\"avia-arrow\"><\/div><\/div><div class=\"av-hotspot-fallback-tooltip-inner clearfix\"><p>\n<strong>Aknebehandlung<\/strong><\/p>\n<\/div><\/div><\/div>\n<\/div><\/div><\/div>\n<style type=\"text\/css\" data-created_by=\"avia_inline_auto\" id=\"style-css-av-12v0j9-bf462f746364e67813a82b7ef6cbafac\">\n.avia-section.av-12v0j9-bf462f746364e67813a82b7ef6cbafac{\nbackground-repeat:no-repeat;\nbackground-image:url(https:\/\/beautystyle-cosmetics.com\/wp-content\/uploads\/2016\/05\/Kosmetik-fuer-Sie-Slider.png);\nbackground-position:50% 0%;\nbackground-attachment:fixed;\n}\n.avia-section.av-12v0j9-bf462f746364e67813a82b7ef6cbafac .av-section-color-overlay{\nopacity:0.5;\nbackground-color:#000000;\n}\n<\/style>\n<div id='av_section_1'  class='avia-section av-12v0j9-bf462f746364e67813a82b7ef6cbafac alternate_color avia-section-large avia-no-border-styling  avia-builder-el-9  el_after_av_layout_row  avia-builder-el-last  avia-full-stretch avia-bg-style-fixed av-section-color-overlay-active container_wrap sidebar_right'  data-section-bg-repeat='stretch'><div class=\"av-section-color-overlay-wrap\"><div class=\"av-section-color-overlay\"><\/div><div class='container av-section-cont-open' ><div class='template-page content  av-content-small alpha units'><div class='post-entry post-entry-type-page post-entry-437'><div class='entry-content-wrapper clearfix'>\n\n<style type=\"text\/css\" data-created_by=\"avia_inline_auto\" id=\"style-css-av-9dstx-7f44721473cfa07fc601782ead580ca9\">\n#top .av-special-heading.av-9dstx-7f44721473cfa07fc601782ead580ca9{\npadding-bottom:20px;\n}\nbody .av-special-heading.av-9dstx-7f44721473cfa07fc601782ead580ca9 .av-special-heading-tag .heading-char{\nfont-size:25px;\n}\n.av-special-heading.av-9dstx-7f44721473cfa07fc601782ead580ca9 .av-subheading{\nfont-size:15px;\n}\n<\/style>\n<div  class='av-special-heading av-9dstx-7f44721473cfa07fc601782ead580ca9 av-special-heading-h1 blockquote modern-quote modern-centered  avia-builder-el-10  el_before_av_one_fifth  avia-builder-el-first '><h1 class='av-special-heading-tag'  itemprop=\"headline\"  >Buchen Sie direkt einen Termin bei mir<\/h1><div class=\"special-heading-border\"><div class=\"special-heading-inner-border\"><\/div><\/div><\/div>\n\n<style type=\"text\/css\" data-created_by=\"avia_inline_auto\" id=\"style-css-av-rg1s5-9bb9b47e1998f7d874b61c9deaa8ac1a\">\n.flex_column.av-rg1s5-9bb9b47e1998f7d874b61c9deaa8ac1a{\nborder-radius:0px 0px 0px 0px;\npadding:0px 0px 0px 0px;\n}\n<\/style>\n<div  class='flex_column av-rg1s5-9bb9b47e1998f7d874b61c9deaa8ac1a av_one_fifth  avia-builder-el-11  el_after_av_heading  el_before_av_three_fifth  first flex_column_div av-zero-column-padding  '     ><\/div>\n<style type=\"text\/css\" data-created_by=\"avia_inline_auto\" id=\"style-css-av-n8me5-5c33576c1135c603f980eaf49056f182\">\n.flex_column.av-n8me5-5c33576c1135c603f980eaf49056f182{\nborder-radius:0px 0px 0px 0px;\npadding:0px 0px 0px 0px;\n}\n<\/style>\n<div  class='flex_column av-n8me5-5c33576c1135c603f980eaf49056f182 av_three_fifth  avia-builder-el-12  el_after_av_one_fifth  el_before_av_one_fifth  flex_column_div av-zero-column-padding  '     ><div  class='avia-button-wrap av-gi9ut-1f57177b87fe5f6e208b7063bf116b1f-wrap avia-button-center  avia-builder-el-13  avia-builder-el-no-sibling '><a href='https:\/\/booking.localsearch.ch\/bookings\/beauty-style-cosmetics\/services?locale=de-CH&origin=standalone' class='avia-button av-gi9ut-1f57177b87fe5f6e208b7063bf116b1f avia-icon_select-yes-right-icon avia-size-x-large avia-position-center av-icon-on-hover avia-color-theme-color' target=\"_blank\" rel=\"noopener noreferrer\"><span class='avia_iconbox_title' >Termin buchen<\/span><span class='avia_button_icon avia_button_icon_right' aria-hidden='true' data-av_icon='\ue85b' data-av_iconfont='entypo-fontello'><\/span><\/a><\/div><\/div>\n<style type=\"text\/css\" data-created_by=\"avia_inline_auto\" id=\"style-css-av-7unhp-1faefca1d139596c44da4a0532eeaf8c\">\n.flex_column.av-7unhp-1faefca1d139596c44da4a0532eeaf8c{\nborder-radius:0px 0px 0px 0px;\npadding:0px 0px 0px 0px;\n}\n<\/style>\n<div  class='flex_column av-7unhp-1faefca1d139596c44da4a0532eeaf8c av_one_fifth  avia-builder-el-14  el_after_av_three_fifth  avia-builder-el-last  flex_column_div av-zero-column-padding  '     ><\/div>\n<\/div><\/div><\/div><!-- close content main div --><\/div><\/div><\/div><div id='after_section_1'  class='main_color av_default_container_wrap container_wrap sidebar_right'  ><div class='container av-section-cont-open' ><div class='template-page content  av-content-small alpha units'><div class='post-entry post-entry-type-page post-entry-437'><div class='entry-content-wrapper clearfix'><\/p>\n","protected":false},"excerpt":{"rendered":"","protected":false},"author":6,"featured_media":0,"parent":0,"menu_order":0,"comment_status":"closed","ping_status":"closed","template":"","meta":{"footnotes":""},"_links":{"self":[{"href":"https:\/\/beautystyle-cosmetics.com\/index.php?rest_route=\/wp\/v2\/pages\/437"}],"collection":[{"href":"https:\/\/beautystyle-cosmetics.com\/index.php?rest_route=\/wp\/v2\/pages"}],"about":[{"href":"https:\/\/beautystyle-cosmetics.com\/index.php?rest_route=\/wp\/v2\/types\/page"}],"author":[{"embeddable":true,"href":"https:\/\/beautystyle-cosmetics.com\/index.php?rest_route=\/wp\/v2\/users\/6"}],"replies":[{"embeddable":true,"href":"https:\/\/beautystyle-cosmetics.com\/index.php?rest_route=%2Fwp%2Fv2%2Fcomments&post=437"}],"version-history":[{"count":9,"href":"https:\/\/beautystyle-cosmetics.com\/index.php?rest_route=\/wp\/v2\/pages\/437\/revisions"}],"predecessor-version":[{"id":3394,"href":"https:\/\/beautystyle-cosmetics.com\/index.php?rest_route=\/wp\/v2\/pages\/437\/revisions\/3394"}],"wp:attachment":[{"href":"https:\/\/beautystyle-cosmetics.com\/index.php?rest_route=%2Fwp%2Fv2%2Fmedia&parent=437"}],"curies":[{"name":"wp","href":"https:\/\/api.w.org\/{rel}","templated":true}]}}